{"id":19081,"date":"2025-10-19T10:29:33","date_gmt":"2025-10-19T08:29:33","guid":{"rendered":"https:\/\/ctinstalaciones.es\/?page_id=19081"},"modified":"2025-10-19T10:30:18","modified_gmt":"2025-10-19T08:30:18","slug":"politica-de-cookies","status":"publish","type":"page","link":"https:\/\/cetei.net\/?page_id=19081","title":{"rendered":"Pol\u00edtica de cookies"},"content":{"rendered":"\t\t<div data-elementor-type=\"wp-page\" data-elementor-id=\"19081\" class=\"elementor elementor-19081\">\n\t\t\t\t<div class=\"elementor-element elementor-element-6dcc23c3 e-flex e-con-boxed e-con e-parent\" data-id=\"6dcc23c3\" data-element_type=\"container\" data-e-type=\"container\">\n\t\t\t\t\t<div class=\"e-con-inner\">\n\t\t\t\t<div class=\"elementor-element elementor-element-3e03328f elementor-widget elementor-widget-text-editor\" data-id=\"3e03328f\" data-element_type=\"widget\" data-e-type=\"widget\" data-widget_type=\"text-editor.default\">\n\t\t\t\t\t\t\t\t\t<p data-start=\"164\" data-end=\"383\">Nuestra web utiliza cookies para mejorar la experiencia de navegaci\u00f3n del usuario y facilitar el correcto funcionamiento del sitio. Las cookies son peque\u00f1os archivos que se almacenan en su navegador al visitar la web.<\/p><p data-start=\"385\" data-end=\"419\"><strong data-start=\"385\" data-end=\"417\">Tipos de cookies utilizadas:<\/strong><\/p><ul data-start=\"420\" data-end=\"773\"><li data-start=\"420\" data-end=\"602\"><p data-start=\"422\" data-end=\"602\"><strong data-start=\"422\" data-end=\"457\">Cookies t\u00e9cnicas y funcionales:<\/strong> Son necesarias para el correcto funcionamiento de la web y permiten, por ejemplo, enviar formularios de contacto o mantener la sesi\u00f3n abierta.<\/p><\/li><li data-start=\"603\" data-end=\"773\"><p data-start=\"605\" data-end=\"773\"><strong data-start=\"605\" data-end=\"629\">Cookies de terceros:<\/strong> Nuestro sitio puede contener elementos de servicios externos que pueden generar cookies propias (por ejemplo, servicios de an\u00e1lisis o mapas).<\/p><\/li><\/ul><p data-start=\"775\" data-end=\"999\"><strong data-start=\"775\" data-end=\"794\">Consentimiento:<\/strong><br data-start=\"794\" data-end=\"797\" \/>Al continuar navegando en nuestra web, usted acepta el uso de cookies. Puede configurar su navegador para bloquear o eliminar cookies, aunque algunas funcionalidades del sitio podr\u00edan verse afectadas.<\/p><p data-start=\"1001\" data-end=\"1203\"><strong data-start=\"1001\" data-end=\"1061\">No almacenamos datos personales a trav\u00e9s de las cookies:<\/strong><br data-start=\"1061\" data-end=\"1064\" \/>Las cookies utilizadas no recopilan informaci\u00f3n personal identificable y no se emplean con fines comerciales o de seguimiento individual.<\/p><p data-start=\"1205\" data-end=\"1372\"><strong data-start=\"1205\" data-end=\"1225\">M\u00e1s informaci\u00f3n:<\/strong><br data-start=\"1225\" data-end=\"1228\" \/>Para m\u00e1s detalles sobre c\u00f3mo gestionar o desactivar las cookies, puede consultar la configuraci\u00f3n de su navegador o contactarnos directamente.<\/p>\t\t\t\t\t\t\t\t<\/div>\n\t\t\t\t\t<\/div>\n\t\t\t\t<\/div>\n\t\t<div class=\"elementor-element elementor-element-776b68d e-flex e-con-boxed e-con e-parent\" data-id=\"776b68d\" data-element_type=\"container\" data-e-type=\"container\">\n\t\t\t\t\t<div class=\"e-con-inner\">\n\t\t\t\t<div class=\"elementor-element elementor-element-d78ed81 elementor-widget elementor-widget-spacer\" data-id=\"d78ed81\" data-element_type=\"widget\" data-e-type=\"widget\" data-widget_type=\"spacer.default\">\n\t\t\t\t\t\t\t<div class=\"elementor-spacer\">\n\t\t\t<div class=\"elementor-spacer-inner\"><\/div>\n\t\t<\/div>\n\t\t\t\t\t\t<\/div>\n\t\t\t\t\t<\/div>\n\t\t\t\t<\/div>\n\t\t<div class=\"elementor-element elementor-element-39e756a e-flex e-con-boxed e-con e-parent\" data-id=\"39e756a\" data-element_type=\"container\" data-e-type=\"container\">\n\t\t\t\t\t<div class=\"e-con-inner\">\n\t\t\t\t<div class=\"elementor-element elementor-element-cc4e876 elementor-widget-divider--view-line elementor-widget elementor-widget-divider\" data-id=\"cc4e876\" data-element_type=\"widget\" data-e-type=\"widget\" data-widget_type=\"divider.default\">\n\t\t\t\t\t\t\t<div class=\"elementor-divider\">\n\t\t\t<span class=\"elementor-divider-separator\">\n\t\t\t\t\t\t<\/span>\n\t\t<\/div>\n\t\t\t\t\t\t<\/div>\n\t\t\t\t\t<\/div>\n\t\t\t\t<\/div>\n\t\t<div class=\"elementor-element elementor-element-b065e57 e-flex e-con-boxed e-con e-parent\" data-id=\"b065e57\" data-element_type=\"container\" data-e-type=\"container\">\n\t\t\t\t\t<div class=\"e-con-inner\">\n\t\t\t\t\t<\/div>\n\t\t\t\t<\/div>\n\t\t\t\t<\/div>\n\t\t","protected":false},"excerpt":{"rendered":"<p>Nuestra web utiliza cookies para mejorar la experiencia de navegaci\u00f3n del usuario y facilitar el correcto funcionamiento del sitio. Las cookies son peque\u00f1os archivos que se almacenan en su navegador al visitar la web. Tipos de cookies utilizadas: Cookies t\u00e9cnicas y funcionales: Son necesarias para el correcto funcionamiento de la web y permiten, por ejemplo,&#8230;<\/p>\n","protected":false},"author":1,"featured_media":0,"parent":0,"menu_order":0,"comment_status":"closed","ping_status":"open","template":"","meta":{"footnotes":""},"class_list":["post-19081","page","type-page","status-publish","hentry"],"_links":{"self":[{"href":"https:\/\/cetei.net\/index.php?rest_route=\/wp\/v2\/pages\/19081","targetHints":{"allow":["GET"]}}],"collection":[{"href":"https:\/\/cetei.net\/index.php?rest_route=\/wp\/v2\/pages"}],"about":[{"href":"https:\/\/cetei.net\/index.php?rest_route=\/wp\/v2\/types\/page"}],"author":[{"embeddable":true,"href":"https:\/\/cetei.net\/index.php?rest_route=\/wp\/v2\/users\/1"}],"replies":[{"embeddable":true,"href":"https:\/\/cetei.net\/index.php?rest_route=%2Fwp%2Fv2%2Fcomments&post=19081"}],"version-history":[{"count":4,"href":"https:\/\/cetei.net\/index.php?rest_route=\/wp\/v2\/pages\/19081\/revisions"}],"predecessor-version":[{"id":19085,"href":"https:\/\/cetei.net\/index.php?rest_route=\/wp\/v2\/pages\/19081\/revisions\/19085"}],"wp:attachment":[{"href":"https:\/\/cetei.net\/index.php?rest_route=%2Fwp%2Fv2%2Fmedia&parent=19081"}],"curies":[{"name":"wp","href":"https:\/\/api.w.org\/{rel}","templated":true}]}}