{"id":19086,"date":"2025-10-19T10:31:33","date_gmt":"2025-10-19T08:31:33","guid":{"rendered":"https:\/\/ctinstalaciones.es\/?page_id=19086"},"modified":"2025-10-19T10:34:53","modified_gmt":"2025-10-19T08:34:53","slug":"aviso-legal","status":"publish","type":"page","link":"https:\/\/cetei.net\/?page_id=19086","title":{"rendered":"Aviso Legal"},"content":{"rendered":"\t\t<div data-elementor-type=\"wp-page\" data-elementor-id=\"19086\" class=\"elementor elementor-19086\">\n\t\t\t\t<div class=\"elementor-element elementor-element-6dcc23c3 e-flex e-con-boxed e-con e-parent\" data-id=\"6dcc23c3\" data-element_type=\"container\" data-e-type=\"container\">\n\t\t\t\t\t<div class=\"e-con-inner\">\n\t\t\t\t<div class=\"elementor-element elementor-element-3e03328f elementor-widget elementor-widget-text-editor\" data-id=\"3e03328f\" data-element_type=\"widget\" data-e-type=\"widget\" data-widget_type=\"text-editor.default\">\n\t\t\t\t\t\t\t\t\t<p data-start=\"157\" data-end=\"191\"><strong data-start=\"157\" data-end=\"189\">Condiciones de Uso de la Web<\/strong><\/p><p data-start=\"193\" data-end=\"283\">El acceso y uso de esta web implica la aceptaci\u00f3n expresa de las siguientes condiciones:<\/p><ol data-start=\"285\" data-end=\"2219\"><li data-start=\"285\" data-end=\"468\"><p data-start=\"288\" data-end=\"468\"><strong data-start=\"288\" data-end=\"298\">Objeto<\/strong><br data-start=\"298\" data-end=\"301\" \/>El presente aviso regula el uso del sitio web htpps:\/\/cetei.net, en adelante \u201cla Web\u201d, propiedad de Cuadratic soluciones, S.L., con domicilio en Calle Orense, 70 Plt 9 28020 Madrid , CIF B19452424.<\/p><\/li><li data-start=\"470\" data-end=\"777\"><p data-start=\"473\" data-end=\"777\"><strong data-start=\"473\" data-end=\"498\">Propiedad Intelectual<\/strong><br data-start=\"498\" data-end=\"501\" \/>Todo el contenido de la Web (textos, im\u00e1genes, logotipos, dise\u00f1os, software, etc.) est\u00e1 protegido por la legislaci\u00f3n vigente sobre propiedad intelectual y derechos de autor. Queda prohibida su reproducci\u00f3n, distribuci\u00f3n o transformaci\u00f3n sin autorizaci\u00f3n expresa del titular.<\/p><\/li><li data-start=\"779\" data-end=\"966\"><p data-start=\"782\" data-end=\"966\"><strong data-start=\"782\" data-end=\"801\">Uso Responsable<\/strong><br data-start=\"801\" data-end=\"804\" \/>El usuario se compromete a utilizar la Web de manera l\u00edcita y adecuada, evitando actuaciones que puedan da\u00f1ar, inutilizar o sobrecargar los servicios de la Web.<\/p><\/li><li data-start=\"968\" data-end=\"1308\"><p data-start=\"971\" data-end=\"1308\"><strong data-start=\"971\" data-end=\"1007\">Protecci\u00f3n de Datos y Privacidad<\/strong><br data-start=\"1007\" data-end=\"1010\" \/>El tratamiento de los datos personales se realiza conforme al <strong data-start=\"1072\" data-end=\"1107\">Reglamento (UE) 2016\/679 (RGPD)<\/strong> y la <strong data-start=\"1113\" data-end=\"1146\">Ley Org\u00e1nica 3\/2018 (LOPDGDD)<\/strong>. Los datos facilitados por los usuarios \u00fanicamente ser\u00e1n usados para responder a solicitudes y no ser\u00e1n almacenados m\u00e1s all\u00e1 del tiempo necesario para tal fin.<\/p><\/li><li data-start=\"1310\" data-end=\"1533\"><p data-start=\"1313\" data-end=\"1533\"><strong data-start=\"1313\" data-end=\"1346\">Limitaci\u00f3n de Responsabilidad<\/strong><br data-start=\"1346\" data-end=\"1349\" \/>Cuadratic soluciones, S.L. no se responsabiliza de los da\u00f1os o perjuicios que puedan derivarse del uso de la Web, ni de la veracidad, exactitud o integridad de los contenidos publicados.<\/p><\/li><li data-start=\"1535\" data-end=\"1787\"><p data-start=\"1538\" data-end=\"1787\"><strong data-start=\"1538\" data-end=\"1577\">Base Legal del Tratamiento de Datos<\/strong><br data-start=\"1577\" data-end=\"1580\" \/>La base legal para el tratamiento de datos es el <strong data-start=\"1629\" data-end=\"1662\">consentimiento del interesado<\/strong>, conforme al <strong data-start=\"1676\" data-end=\"1704\">art\u00edculo 6.1.a) del RGPD<\/strong>, dado al facilitar sus datos a trav\u00e9s de formularios de contacto u otros medios.<\/p><\/li><li data-start=\"1789\" data-end=\"1976\"><p data-start=\"1792\" data-end=\"1976\"><strong data-start=\"1792\" data-end=\"1810\">Modificaciones<\/strong><br data-start=\"1810\" data-end=\"1813\" \/>Cuadratic soluciones, S.L. se reserva el derecho a modificar estas condiciones de uso en cualquier momento, informando de manera visible en la Web de dichos cambios.<\/p><\/li><li data-start=\"1978\" data-end=\"2219\"><p data-start=\"1981\" data-end=\"2219\"><strong data-start=\"1981\" data-end=\"2021\">Legislaci\u00f3n Aplicable y Jurisdicci\u00f3n<\/strong><br data-start=\"2021\" data-end=\"2024\" \/>Las presentes condiciones se rigen por la legislaci\u00f3n espa\u00f1ola y europea vigente, siendo competentes los tribunales de Madrid para cualquier controversia derivada del uso de la Web.<\/p><\/li><\/ol>\t\t\t\t\t\t\t\t<\/div>\n\t\t\t\t\t<\/div>\n\t\t\t\t<\/div>\n\t\t<div class=\"elementor-element elementor-element-776b68d e-flex e-con-boxed e-con e-parent\" data-id=\"776b68d\" data-element_type=\"container\" data-e-type=\"container\">\n\t\t\t\t\t<div class=\"e-con-inner\">\n\t\t\t\t<div class=\"elementor-element elementor-element-d78ed81 elementor-widget elementor-widget-spacer\" data-id=\"d78ed81\" data-element_type=\"widget\" data-e-type=\"widget\" data-widget_type=\"spacer.default\">\n\t\t\t\t\t\t\t<div class=\"elementor-spacer\">\n\t\t\t<div class=\"elementor-spacer-inner\"><\/div>\n\t\t<\/div>\n\t\t\t\t\t\t<\/div>\n\t\t\t\t\t<\/div>\n\t\t\t\t<\/div>\n\t\t<div class=\"elementor-element elementor-element-39e756a e-flex e-con-boxed e-con e-parent\" data-id=\"39e756a\" data-element_type=\"container\" data-e-type=\"container\">\n\t\t\t\t\t<div class=\"e-con-inner\">\n\t\t\t\t<div class=\"elementor-element elementor-element-cc4e876 elementor-widget-divider--view-line elementor-widget elementor-widget-divider\" data-id=\"cc4e876\" data-element_type=\"widget\" data-e-type=\"widget\" data-widget_type=\"divider.default\">\n\t\t\t\t\t\t\t<div class=\"elementor-divider\">\n\t\t\t<span class=\"elementor-divider-separator\">\n\t\t\t\t\t\t<\/span>\n\t\t<\/div>\n\t\t\t\t\t\t<\/div>\n\t\t\t\t\t<\/div>\n\t\t\t\t<\/div>\n\t\t<div class=\"elementor-element elementor-element-b065e57 e-flex e-con-boxed e-con e-parent\" data-id=\"b065e57\" data-element_type=\"container\" data-e-type=\"container\">\n\t\t\t\t\t<div class=\"e-con-inner\">\n\t\t\t\t\t<\/div>\n\t\t\t\t<\/div>\n\t\t\t\t<\/div>\n\t\t","protected":false},"excerpt":{"rendered":"<p>Condiciones de Uso de la Web El acceso y uso de esta web implica la aceptaci\u00f3n expresa de las siguientes condiciones: ObjetoEl presente aviso regula el uso del sitio web htpps:\/\/cetei.net, en adelante \u201cla Web\u201d, propiedad de Cuadratic soluciones, S.L., con domicilio en Calle Orense, 70 Plt 9 28020 Madrid , CIF B19452424. Propiedad IntelectualTodo&#8230;<\/p>\n","protected":false},"author":1,"featured_media":0,"parent":0,"menu_order":0,"comment_status":"closed","ping_status":"open","template":"","meta":{"footnotes":""},"class_list":["post-19086","page","type-page","status-publish","hentry"],"_links":{"self":[{"href":"https:\/\/cetei.net\/index.php?rest_route=\/wp\/v2\/pages\/19086","targetHints":{"allow":["GET"]}}],"collection":[{"href":"https:\/\/cetei.net\/index.php?rest_route=\/wp\/v2\/pages"}],"about":[{"href":"https:\/\/cetei.net\/index.php?rest_route=\/wp\/v2\/types\/page"}],"author":[{"embeddable":true,"href":"https:\/\/cetei.net\/index.php?rest_route=\/wp\/v2\/users\/1"}],"replies":[{"embeddable":true,"href":"https:\/\/cetei.net\/index.php?rest_route=%2Fwp%2Fv2%2Fcomments&post=19086"}],"version-history":[{"count":5,"href":"https:\/\/cetei.net\/index.php?rest_route=\/wp\/v2\/pages\/19086\/revisions"}],"predecessor-version":[{"id":19351,"href":"https:\/\/cetei.net\/index.php?rest_route=\/wp\/v2\/pages\/19086\/revisions\/19351"}],"wp:attachment":[{"href":"https:\/\/cetei.net\/index.php?rest_route=%2Fwp%2Fv2%2Fmedia&parent=19086"}],"curies":[{"name":"wp","href":"https:\/\/api.w.org\/{rel}","templated":true}]}}