{"id":3,"date":"2025-10-16T11:40:24","date_gmt":"2025-10-16T09:40:24","guid":{"rendered":"https:\/\/ctinstalaciones.es\/?page_id=3"},"modified":"2025-10-19T10:17:27","modified_gmt":"2025-10-19T08:17:27","slug":"politica-privacidad","status":"publish","type":"page","link":"https:\/\/cetei.net\/?page_id=3","title":{"rendered":"Pol\u00edtica de privacidad"},"content":{"rendered":"\t\t<div data-elementor-type=\"wp-page\" data-elementor-id=\"3\" class=\"elementor elementor-3\">\n\t\t\t\t<div class=\"elementor-element elementor-element-6dcc23c3 e-flex e-con-boxed e-con e-parent\" data-id=\"6dcc23c3\" data-element_type=\"container\" data-e-type=\"container\">\n\t\t\t\t\t<div class=\"e-con-inner\">\n\t\t\t\t<div class=\"elementor-element elementor-element-3e03328f elementor-widget elementor-widget-text-editor\" data-id=\"3e03328f\" data-element_type=\"widget\" data-e-type=\"widget\" data-widget_type=\"text-editor.default\">\n\t\t\t\t\t\t\t\t\t<p data-start=\"284\" data-end=\"632\">De acuerdo con el <strong data-start=\"302\" data-end=\"391\">Reglamento (UE) 2016\/679 del Parlamento Europeo y del Consejo, de 27 de abril de 2016<\/strong> (Reglamento General de Protecci\u00f3n de Datos &#8211; RGPD), le informamos que los datos personales que nos facilite a trav\u00e9s de este formulario <strong data-start=\"528\" data-end=\"552\">no ser\u00e1n almacenados<\/strong> y <strong data-start=\"555\" data-end=\"629\">solo se utilizar\u00e1n para responder a la solicitud que usted nos realiza<\/strong>.<\/p>\n<p data-start=\"634\" data-end=\"882\"><strong data-start=\"634\" data-end=\"664\">Finalidad del tratamiento:<\/strong><br data-start=\"664\" data-end=\"667\" \/>Los datos facilitados (nombre, correo electr\u00f3nico, asunto y mensaje) ser\u00e1n utilizados exclusivamente para gestionar y responder a las consultas realizadas por el usuario. No se ceder\u00e1n ni compartir\u00e1n con terceros.<\/p>\n<p data-start=\"884\" data-end=\"1109\"><strong data-start=\"884\" data-end=\"899\">Base legal:<\/strong><br data-start=\"899\" data-end=\"902\" \/>El tratamiento de sus datos se realiza sobre la base del <strong data-start=\"959\" data-end=\"987\">consentimiento expl\u00edcito<\/strong> del interesado, conforme al <strong data-start=\"1016\" data-end=\"1044\">art\u00edculo 6.1.a) del RGPD<\/strong>, al enviar voluntariamente sus datos mediante este formulario.<\/p>\n<p data-start=\"1111\" data-end=\"1412\"><strong data-start=\"1111\" data-end=\"1139\">Derechos del interesado:<\/strong><br data-start=\"1139\" data-end=\"1142\" \/>Usted tiene derecho a acceder, rectificar o cancelar sus datos, as\u00ed como otros derechos reconocidos por la normativa aplicable. Dado que los datos no se almacenan, estos derechos se ejercen de manera limitada al contacto puntual que se genere mediante este formulario.<\/p>\n<p data-start=\"1414\" data-end=\"1618\"><strong data-start=\"1414\" data-end=\"1441\">Seguridad de los datos:<\/strong><br data-start=\"1441\" data-end=\"1444\" \/>Adoptamos medidas t\u00e9cnicas y organizativas para garantizar que sus datos se gestionen de forma segura y confidencial durante el tiempo necesario para procesar su solicitud.<\/p>\n<p data-start=\"1620\" data-end=\"1793\">Al enviar sus datos mediante este formulario, usted <strong data-start=\"1672\" data-end=\"1790\">acepta expresamente que se utilicen \u00fanicamente para responder a su solicitud y no ser\u00e1n conservados posteriormente<\/strong>.<\/p>\t\t\t\t\t\t\t\t<\/div>\n\t\t\t\t\t<\/div>\n\t\t\t\t<\/div>\n\t\t<div class=\"elementor-element elementor-element-776b68d e-flex e-con-boxed e-con e-parent\" data-id=\"776b68d\" data-element_type=\"container\" data-e-type=\"container\">\n\t\t\t\t\t<div class=\"e-con-inner\">\n\t\t\t\t<div class=\"elementor-element elementor-element-d78ed81 elementor-widget elementor-widget-spacer\" data-id=\"d78ed81\" data-element_type=\"widget\" data-e-type=\"widget\" data-widget_type=\"spacer.default\">\n\t\t\t\t\t\t\t<div class=\"elementor-spacer\">\n\t\t\t<div class=\"elementor-spacer-inner\"><\/div>\n\t\t<\/div>\n\t\t\t\t\t\t<\/div>\n\t\t\t\t\t<\/div>\n\t\t\t\t<\/div>\n\t\t<div class=\"elementor-element elementor-element-39e756a e-flex e-con-boxed e-con e-parent\" data-id=\"39e756a\" data-element_type=\"container\" data-e-type=\"container\">\n\t\t\t\t\t<div class=\"e-con-inner\">\n\t\t\t\t<div class=\"elementor-element elementor-element-cc4e876 elementor-widget-divider--view-line elementor-widget elementor-widget-divider\" data-id=\"cc4e876\" data-element_type=\"widget\" data-e-type=\"widget\" data-widget_type=\"divider.default\">\n\t\t\t\t\t\t\t<div class=\"elementor-divider\">\n\t\t\t<span class=\"elementor-divider-separator\">\n\t\t\t\t\t\t<\/span>\n\t\t<\/div>\n\t\t\t\t\t\t<\/div>\n\t\t\t\t\t<\/div>\n\t\t\t\t<\/div>\n\t\t<div class=\"elementor-element elementor-element-b065e57 e-flex e-con-boxed e-con e-parent\" data-id=\"b065e57\" data-element_type=\"container\" data-e-type=\"container\">\n\t\t\t\t\t<div class=\"e-con-inner\">\n\t\t\t\t\t<\/div>\n\t\t\t\t<\/div>\n\t\t\t\t<\/div>\n\t\t","protected":false},"excerpt":{"rendered":"<p>De acuerdo con el Reglamento (UE) 2016\/679 del Parlamento Europeo y del Consejo, de 27 de abril de 2016 (Reglamento General de Protecci\u00f3n de Datos &#8211; RGPD), le informamos que los datos personales que nos facilite a trav\u00e9s de este formulario no ser\u00e1n almacenados y solo se utilizar\u00e1n para responder a la solicitud que usted&#8230;<\/p>\n","protected":false},"author":1,"featured_media":0,"parent":0,"menu_order":0,"comment_status":"closed","ping_status":"open","template":"","meta":{"footnotes":""},"class_list":["post-3","page","type-page","status-publish","hentry"],"_links":{"self":[{"href":"https:\/\/cetei.net\/index.php?rest_route=\/wp\/v2\/pages\/3","targetHints":{"allow":["GET"]}}],"collection":[{"href":"https:\/\/cetei.net\/index.php?rest_route=\/wp\/v2\/pages"}],"about":[{"href":"https:\/\/cetei.net\/index.php?rest_route=\/wp\/v2\/types\/page"}],"author":[{"embeddable":true,"href":"https:\/\/cetei.net\/index.php?rest_route=\/wp\/v2\/users\/1"}],"replies":[{"embeddable":true,"href":"https:\/\/cetei.net\/index.php?rest_route=%2Fwp%2Fv2%2Fcomments&post=3"}],"version-history":[{"count":15,"href":"https:\/\/cetei.net\/index.php?rest_route=\/wp\/v2\/pages\/3\/revisions"}],"predecessor-version":[{"id":19080,"href":"https:\/\/cetei.net\/index.php?rest_route=\/wp\/v2\/pages\/3\/revisions\/19080"}],"wp:attachment":[{"href":"https:\/\/cetei.net\/index.php?rest_route=%2Fwp%2Fv2%2Fmedia&parent=3"}],"curies":[{"name":"wp","href":"https:\/\/api.w.org\/{rel}","templated":true}]}}